{"id":6180,"date":"2024-10-13T13:53:45","date_gmt":"2024-10-13T13:53:45","guid":{"rendered":"https:\/\/docsauterphotography.de\/?page_id=6180"},"modified":"2024-10-20T13:25:48","modified_gmt":"2024-10-20T13:25:48","slug":"erstellung-eines-raumbildes-mittels-hybriden-workflows","status":"publish","type":"page","link":"https:\/\/docsauterphotography.de\/?page_id=6180","title":{"rendered":"Erstellung eines Raumbildes mittels hybriden Workflows"},"content":{"rendered":"\t\t<div data-elementor-type=\"wp-page\" data-elementor-id=\"6180\" class=\"elementor elementor-6180\">\n\t\t\t\t\t\t<section class=\"elementor-section elementor-top-section elementor-element elementor-element-d83a03b elementor-section-stretched elementor-section-boxed elementor-section-height-default elementor-section-height-default\" data-id=\"d83a03b\" data-element_type=\"section\" data-e-type=\"section\" data-settings=\"{&quot;stretch_section&quot;:&quot;section-stretched&quot;}\">\n\t\t\t\t\t\t<div class=\"elementor-container elementor-column-gap-default\">\n\t\t\t\t\t<div class=\"elementor-column elementor-col-100 elementor-top-column elementor-element elementor-element-def630e\" data-id=\"def630e\" data-element_type=\"column\" data-e-type=\"column\">\n\t\t\t<div class=\"elementor-widget-wrap elementor-element-populated\">\n\t\t\t\t\t\t<div class=\"elementor-element elementor-element-84e4d13 elementor-widget__width-auto elementor-widget elementor-widget-text-editor\" data-id=\"84e4d13\" data-element_type=\"widget\" data-e-type=\"widget\" data-widget_type=\"text-editor.default\">\n\t\t\t\t<div class=\"elementor-widget-container\">\n\t\t\t\t\t\t\t\t\t<p>Die weitaus meisten der hier gezeigten Raumbilder wurden mit einer Stereoreflexkamera (<a href=\"https:\/\/docsauterphotography.de\/wp-content\/uploads\/2022\/12\/2007-06-10-11.16.32-scaled.jpg\">Rolleidoscop 6&#215;13<\/a>) der Firma Franke und Heidecke (Baujahr ca. 1933) auf Mittelformatfilm (120) aufgenommen. Die Kamera verf\u00fcgt \u00fcber 3 waagrecht angeordnete Objektive, wobei das mittlere Objektiv ausschlie\u00dflich als Sucherobjektiv fungiert. Da der Reflexsucher fest angebracht ist, besteht w\u00e4hrend der Aufnahme auch keine Dunkelphase. Kameras dieser Bauart waren in den 80er Jahren kaum erh\u00e4ltlich, da die Nachfrage sowohl durch Sammler als auch Anwender seinerzeit das Angebot deutlich \u00fcberstieg. Heute sind diese Stereokameras auf den bekannten Internetportalen leichter zu erwerben. Um die Kameras auch praktisch benutzen zu k\u00f6nnen, sind meist ein Austausch des Reflexspiegels und der matten Sucherscheibe erforderlich. Rollfilme des Typs 120 (damit sind maximal 6 Stereoaufnahmen m\u00f6glich) sind derzeit sowohl als Farbfilme und Schwarz-Wei\u00df-Negativfilme, aber bedauerlicherweise nicht mehr als Schwarz-Wei\u00df-Diafilme erh\u00e4ltlich. Konventionelle Schwarz-Wei\u00df-Negativfilme k\u00f6nnen aber mittels eines <a href=\"https:\/\/docsauterphotography.de\/?page_id=5680\">Umkehrprozesses<\/a> in Eigenverarbeitung zum Diapositiv entwickelt werden. Wer die Raumbilder nicht in einem klassischen Durchsichtstereoskop bzw. auf einer Leinwand (konventioneller Diaprojektor) betrachten m\u00f6chte, kann auf den naturgem\u00e4\u00df sehr viel einfacher handhabbaren Negativprozess zur\u00fcckgreifen und die Bilder nach Umwandlung in ein digitales Format (Scanner oder Makroaufnahme mittels Lichtpult) zum Positiv \u201eumkehren\u201c. Vorteil ist auch hierbei, dass neben dem digital verf\u00fcgbaren Raumbild ein physisch vorhandenes Unikat vorliegt. Dieses kann jederzeit mit den neuesten digitalen Methoden bearbeitet werden.<\/p><figure id=\"attachment_6300\" aria-describedby=\"caption-attachment-6300\" style=\"width: 980px\" class=\"wp-caption aligncenter\"><img fetchpriority=\"high\" decoding=\"async\" class=\"wp-image-6300\" src=\"https:\/\/docsauterphotography.de\/wp-content\/uploads\/2024\/10\/Baum-BMW-Grand-Prix-Kurs-Nuerburgring-Eifel-Klassik-1997-2023-08-10-19.25-1024x519.jpg\" alt=\"\" width=\"980\" height=\"497\" srcset=\"https:\/\/docsauterphotography.de\/wp-content\/uploads\/2024\/10\/Baum-BMW-Grand-Prix-Kurs-Nuerburgring-Eifel-Klassik-1997-2023-08-10-19.25-1024x519.jpg 1024w, https:\/\/docsauterphotography.de\/wp-content\/uploads\/2024\/10\/Baum-BMW-Grand-Prix-Kurs-Nuerburgring-Eifel-Klassik-1997-2023-08-10-19.25-300x152.jpg 300w, https:\/\/docsauterphotography.de\/wp-content\/uploads\/2024\/10\/Baum-BMW-Grand-Prix-Kurs-Nuerburgring-Eifel-Klassik-1997-2023-08-10-19.25-768x389.jpg 768w, https:\/\/docsauterphotography.de\/wp-content\/uploads\/2024\/10\/Baum-BMW-Grand-Prix-Kurs-Nuerburgring-Eifel-Klassik-1997-2023-08-10-19.25-1536x779.jpg 1536w, https:\/\/docsauterphotography.de\/wp-content\/uploads\/2024\/10\/Baum-BMW-Grand-Prix-Kurs-Nuerburgring-Eifel-Klassik-1997-2023-08-10-19.25-1200x608.jpg 1200w, https:\/\/docsauterphotography.de\/wp-content\/uploads\/2024\/10\/Baum-BMW-Grand-Prix-Kurs-Nuerburgring-Eifel-Klassik-1997-2023-08-10-19.25-1980x1004.jpg 1980w, https:\/\/docsauterphotography.de\/wp-content\/uploads\/2024\/10\/Baum-BMW-Grand-Prix-Kurs-Nuerburgring-Eifel-Klassik-1997-2023-08-10-19.25.jpg 2000w\" sizes=\"(max-width: 980px) 100vw, 980px\" \/><figcaption id=\"caption-attachment-6300\" class=\"wp-caption-text\">Baum-BMW Grand Prix Kurs N\u00fcrburgring &#8211; Eifel Klassik SBS<\/figcaption><\/figure><div>\u00a0<\/div><div><p>D<span style=\"font-size: inherit; text-align: inherit;\">ie analogen Stereogramme wurden von mir s\u00e4mtlich erst ab\u00a0 dem Jahr 2023 mit einer hochaufl\u00f6senden Nikon D850 und einem manuellen Makroobjektiv digitalisiert. Versuche das Bildmaterial mittels eines Filmscanners zu digitalisieren habe ich schon vor Jahren wegen des inakzeptablen Zeitaufwandes aufgegeben. <\/span>Die hier gezeigten Bildbeispiele entstanden zumeist in der Zeitspanne 1997 bis heute.<\/p><p>Das Photographieren mit einer analogen Stereokamera hat auch heute noch seinen Reiz, auch wenn dabei oft negative Begleitumst\u00e4nde in Kauf genommen werden m\u00fcssen. So ist zum Beispiel ein Filmwechsel im Schneetreiben bei Minusgraden nicht unbedingt erstrebenswert. Das Durchleuchten des Filmmaterials ist \u2013 entgegen aller Beteuerungen des unkundigen Personals \u2013 unbedingt zu vermeiden, da es zumindest den Kontrastumfang schm\u00e4lert. In Argentinien wurde ich beim Einchecken am Flughafen 2009 fast verhaftet, da ich mir 40 Rollfilme unter der Jacke an den Bauch gebunden habe um die Filme vor der R\u00f6ntgenstrahlung zu bewahren. Daf\u00fcr m\u00fcssen Sie sich aber keine Sorgen im die Spannungsversorgung machen: der Filmtransport erfolgt per Hand, einen Belichtungsmesser gab es 1933 nicht. Die Belichtung bei Blende 18 und 1\/100 Sekunde (bei heller Sonne und 125 ASA) f\u00fchrte fast immer zu brauchbaren Ergebnissen, das Absch\u00e4tzen der Belichtung bei tr\u00fcberem Wetter ebenfalls. Nicht ganz einfach ist die exakte Sucherausrichtung, da das Sucherbild \u2013 gemessen an heutigen Ma\u00dfst\u00e4ben \u2013 einfach zu dunkel ist. So kam es nicht selten vor, dass Bildmaterial unbrauchbar war, da Objekte deutlich vor dem Scheinfenster mit aufgenommen wurden oder Teile der Kleidung bzw. Ausr\u00fcstung im Strahlengang lagen.<\/p><div><figure id=\"attachment_6299\" aria-describedby=\"caption-attachment-6299\" style=\"width: 980px\" class=\"wp-caption alignnone\"><img decoding=\"async\" class=\"wp-image-6299\" src=\"https:\/\/docsauterphotography.de\/wp-content\/uploads\/2024\/10\/Jochen-Maas-im-Mercedes-Benz-Classic-Days-Schloss-Dyck-2009-2023-08-09-19.07-300x152.jpg\" alt=\"\" width=\"980\" height=\"497\" srcset=\"https:\/\/docsauterphotography.de\/wp-content\/uploads\/2024\/10\/Jochen-Maas-im-Mercedes-Benz-Classic-Days-Schloss-Dyck-2009-2023-08-09-19.07-300x152.jpg 300w, https:\/\/docsauterphotography.de\/wp-content\/uploads\/2024\/10\/Jochen-Maas-im-Mercedes-Benz-Classic-Days-Schloss-Dyck-2009-2023-08-09-19.07-1024x519.jpg 1024w, https:\/\/docsauterphotography.de\/wp-content\/uploads\/2024\/10\/Jochen-Maas-im-Mercedes-Benz-Classic-Days-Schloss-Dyck-2009-2023-08-09-19.07-768x389.jpg 768w, https:\/\/docsauterphotography.de\/wp-content\/uploads\/2024\/10\/Jochen-Maas-im-Mercedes-Benz-Classic-Days-Schloss-Dyck-2009-2023-08-09-19.07-1536x779.jpg 1536w, https:\/\/docsauterphotography.de\/wp-content\/uploads\/2024\/10\/Jochen-Maas-im-Mercedes-Benz-Classic-Days-Schloss-Dyck-2009-2023-08-09-19.07-1200x608.jpg 1200w, https:\/\/docsauterphotography.de\/wp-content\/uploads\/2024\/10\/Jochen-Maas-im-Mercedes-Benz-Classic-Days-Schloss-Dyck-2009-2023-08-09-19.07-1980x1004.jpg 1980w, https:\/\/docsauterphotography.de\/wp-content\/uploads\/2024\/10\/Jochen-Maas-im-Mercedes-Benz-Classic-Days-Schloss-Dyck-2009-2023-08-09-19.07.jpg 2000w\" sizes=\"(max-width: 980px) 100vw, 980px\" \/><figcaption id=\"caption-attachment-6299\" class=\"wp-caption-text\">Jochen Maas im Mercedes Benz &#8211; Classic Days Schloss Dyck 2009 SBS<\/figcaption><\/figure><\/div><div>\u00a0<\/div><div>Oft angesprochen auf meine stereoskopische Ausr\u00fcstung wurde ich auch w\u00e4hrend der Eifel Klassik am N\u00fcrburgring 1997 bzw. den Classic Days auf Schloss Dyck in den Folgejahren. Dies verwundert nicht, stammen doch die Aufnahmesujets (Mercedes Benz und Auto-Union Rennwagen) aus der gleichen Zeit wie die Stereokamera! Allerdings kann man den Klang und das olfaktorische Erlebnis beim Starten eines Silberpfeils nicht mit dem Spann- bzw. Ausl\u00f6seger\u00e4usches des pneumatisch gesteuerten Verschlusses eines Rolleidoscops vergleichen.<\/div><div>\u00a0<\/div><div><figure id=\"attachment_6326\" aria-describedby=\"caption-attachment-6326\" style=\"width: 980px\" class=\"wp-caption aligncenter\"><img decoding=\"async\" class=\"wp-image-6326\" src=\"https:\/\/docsauterphotography.de\/wp-content\/uploads\/2024\/10\/Motorraum-Auto-Union-Rennwagen-Eifel-Klassik-1997-2023-08-10-19.28.49-300x152.jpg\" alt=\"\" width=\"980\" height=\"497\" srcset=\"https:\/\/docsauterphotography.de\/wp-content\/uploads\/2024\/10\/Motorraum-Auto-Union-Rennwagen-Eifel-Klassik-1997-2023-08-10-19.28.49-300x152.jpg 300w, https:\/\/docsauterphotography.de\/wp-content\/uploads\/2024\/10\/Motorraum-Auto-Union-Rennwagen-Eifel-Klassik-1997-2023-08-10-19.28.49-1024x519.jpg 1024w, https:\/\/docsauterphotography.de\/wp-content\/uploads\/2024\/10\/Motorraum-Auto-Union-Rennwagen-Eifel-Klassik-1997-2023-08-10-19.28.49-768x389.jpg 768w, https:\/\/docsauterphotography.de\/wp-content\/uploads\/2024\/10\/Motorraum-Auto-Union-Rennwagen-Eifel-Klassik-1997-2023-08-10-19.28.49-1536x779.jpg 1536w, https:\/\/docsauterphotography.de\/wp-content\/uploads\/2024\/10\/Motorraum-Auto-Union-Rennwagen-Eifel-Klassik-1997-2023-08-10-19.28.49-1200x608.jpg 1200w, https:\/\/docsauterphotography.de\/wp-content\/uploads\/2024\/10\/Motorraum-Auto-Union-Rennwagen-Eifel-Klassik-1997-2023-08-10-19.28.49-1980x1004.jpg 1980w, https:\/\/docsauterphotography.de\/wp-content\/uploads\/2024\/10\/Motorraum-Auto-Union-Rennwagen-Eifel-Klassik-1997-2023-08-10-19.28.49.jpg 2000w\" sizes=\"(max-width: 980px) 100vw, 980px\" \/><figcaption id=\"caption-attachment-6326\" class=\"wp-caption-text\">Motorraum Auto-Union Rennwagen &#8211; Eifel Klassik 1997 SBS<\/figcaption><\/figure><\/div><div>\u00a0<\/div><div>Bis zum Jahr 2022 habe ich meine analog erstellten Stereobilder f\u00fcr andere ausschlie\u00dflich in einem Rotationsbetrachter (von Hugo de Wijs, Niederlande) zur Betrachtung zur Verf\u00fcgung gestellt. Mit dem oben geschilderten \u201ehybriden Prozess\u201c ist es jetzt m\u00f6glich die Bilder mit anderen zu teilen (\u201eSharing\u201c). Das Betrachten erfolgt dabei heute ganz \u00fcberwiegend auf dem Mobiltelefon (Kreuzblick, Parallelblick oder mittels eines einfachen Plastikstereoskops), aber nat\u00fcrlich auch mittels Projektion auf eine Leinwand bzw. Ansicht auf einem 3D Bildschirm. Die Anaglyphentechnik soll hier zumindest erw\u00e4hnt werden, das Seherlebnis ist hierbei durch den eingeschr\u00e4nkten Kontrast bzw. die Geisterbilder aber deutlich gemindert. Der Seheindruck bzw. das Handling der digitalen Stereobilder auf einem Bildschirm mit Lentikularlinsen (z.B. ACER SpatialLabs View Pro) konnte mich bislang nicht wirklich \u00fcberzeugen.<\/div><div>\u00a0<\/div><div><p>Eine sehr sch\u00f6ne Methode ist auch die Betrachtung gro\u00dfformatiger Stereobilder (bis ca. 20 cm Bildbreite) mittels geeigneter <a href=\"https:\/\/docsauterphotography.de\/wp-content\/uploads\/2024\/10\/Spiegelstereoskop-SOKKIA-MS-27-2MB-scaled.jpg\">Spiegelstereoskope<\/a>. Das Geheimnis des stereoskopischen Sehens wurde von Charles Wheatstone mittels eines von ihm selbst in den fr\u00fchen 1830er Jahren konstruierten Spiegelstereoskops noch vor der offiziellen Entdeckung des photographischen Prozesses (Louis Daguerre 1939) bereits um 1838 publiziert!<\/p><\/div><\/div>\t\t\t\t\t\t\t\t<\/div>\n\t\t\t\t<\/div>\n\t\t\t\t\t<\/div>\n\t\t<\/div>\n\t\t\t\t\t<\/div>\n\t\t<\/section>\n\t\t\t\t<section class=\"elementor-section elementor-top-section elementor-element elementor-element-79a86a1 elementor-section-boxed elementor-section-height-default elementor-section-height-default\" data-id=\"79a86a1\" data-element_type=\"section\" data-e-type=\"section\">\n\t\t\t\t\t\t<div class=\"elementor-container elementor-column-gap-default\">\n\t\t\t\t\t<div class=\"elementor-column elementor-col-100 elementor-top-column elementor-element elementor-element-8f9fe21\" data-id=\"8f9fe21\" data-element_type=\"column\" data-e-type=\"column\">\n\t\t\t<div class=\"elementor-widget-wrap\">\n\t\t\t\t\t\t\t<\/div>\n\t\t<\/div>\n\t\t\t\t\t<\/div>\n\t\t<\/section>\n\t\t\t\t<\/div>\n\t\t","protected":false},"excerpt":{"rendered":"<p>Die weitaus meisten der hier gezeigten Raumbilder wurden mit einer Stereoreflexkamera (Rolleidoscop 6&#215;13) der Firma Franke und Heidecke (Baujahr ca. 1933) auf Mittelformatfilm (120) aufgenommen. Die Kamera verf\u00fcgt \u00fcber 3 waagrecht angeordnete Objektive, wobei das mittlere Objektiv ausschlie\u00dflich als Sucherobjektiv fungiert. Da der Reflexsucher fest angebracht ist, besteht w\u00e4hrend der Aufnahme auch keine Dunkelphase. Kameras [&hellip;]<\/p>\n","protected":false},"author":1,"featured_media":0,"parent":0,"menu_order":0,"comment_status":"closed","ping_status":"closed","template":"","meta":{"_monsterinsights_skip_tracking":false,"_monsterinsights_sitenote_active":false,"_monsterinsights_sitenote_note":"","_monsterinsights_sitenote_category":0,"footnotes":""},"class_list":["post-6180","page","type-page","status-publish","hentry"],"aioseo_notices":[],"_links":{"self":[{"href":"https:\/\/docsauterphotography.de\/index.php?rest_route=\/wp\/v2\/pages\/6180","targetHints":{"allow":["GET"]}}],"collection":[{"href":"https:\/\/docsauterphotography.de\/index.php?rest_route=\/wp\/v2\/pages"}],"about":[{"href":"https:\/\/docsauterphotography.de\/index.php?rest_route=\/wp\/v2\/types\/page"}],"author":[{"embeddable":true,"href":"https:\/\/docsauterphotography.de\/index.php?rest_route=\/wp\/v2\/users\/1"}],"replies":[{"embeddable":true,"href":"https:\/\/docsauterphotography.de\/index.php?rest_route=%2Fwp%2Fv2%2Fcomments&post=6180"}],"version-history":[{"count":269,"href":"https:\/\/docsauterphotography.de\/index.php?rest_route=\/wp\/v2\/pages\/6180\/revisions"}],"predecessor-version":[{"id":6665,"href":"https:\/\/docsauterphotography.de\/index.php?rest_route=\/wp\/v2\/pages\/6180\/revisions\/6665"}],"wp:attachment":[{"href":"https:\/\/docsauterphotography.de\/index.php?rest_route=%2Fwp%2Fv2%2Fmedia&parent=6180"}],"curies":[{"name":"wp","href":"https:\/\/api.w.org\/{rel}","templated":true}]}}