{"id":4314,"date":"2023-10-27T07:19:40","date_gmt":"2023-10-27T07:19:40","guid":{"rendered":"https:\/\/docsauterphotography.de\/?page_id=4314"},"modified":"2025-05-12T10:08:37","modified_gmt":"2025-05-12T10:08:37","slug":"stereoskopie","status":"publish","type":"page","link":"https:\/\/docsauterphotography.de\/?page_id=4314","title":{"rendered":"Stereoskopie (3D)"},"content":{"rendered":"\t\t<div data-elementor-type=\"wp-page\" data-elementor-id=\"4314\" class=\"elementor elementor-4314\">\n\t\t\t\t\t\t<section class=\"elementor-section elementor-top-section elementor-element elementor-element-6e2d2154 elementor-section-boxed elementor-section-height-default elementor-section-height-default\" data-id=\"6e2d2154\" data-element_type=\"section\" data-e-type=\"section\">\n\t\t\t\t\t\t<div class=\"elementor-container elementor-column-gap-default\">\n\t\t\t\t\t<div class=\"elementor-column elementor-col-100 elementor-top-column elementor-element elementor-element-7ab8182b\" data-id=\"7ab8182b\" data-element_type=\"column\" data-e-type=\"column\">\n\t\t\t<div class=\"elementor-widget-wrap elementor-element-populated\">\n\t\t\t\t\t\t<div class=\"elementor-element elementor-element-682bfde elementor-widget elementor-widget-text-editor\" data-id=\"682bfde\" data-element_type=\"widget\" data-e-type=\"widget\" data-widget_type=\"text-editor.default\">\n\t\t\t\t<div class=\"elementor-widget-container\">\n\t\t\t\t\t\t\t\t\t<p>Unter Stereoskopie (3D) versteht man zun\u00e4chst einmal die den meisten Menschen und vielen Tieren angeborene F\u00e4higkeit, dreidimensional zu sehen. Hier geht es jedoch um die Wiedergabe von Bildern mit einem r\u00e4umlichen Eindruck von Tiefe, der physikalisch in einer zweidimensionalen Abbildung eigentlich gar nicht vorhanden ist. Der Eindruck eines r\u00e4umlich wahrnehmbaren Bildes beruht darauf, dass die dem linken bzw. rechten Auge unter verschiedenen Blickwinkeln angebotenen Bilder in unserem Gehirn zu einem r\u00e4umlichen Eindruck verschmelzen. Diese hochkomplexe Sehleistung setzt u.a. ein beid\u00e4ugiges Sehen voraus. Das Prinzip wurde bereits Jahre vor der Entdeckung der Photographie von dem englischen Physiker Charles Wheatstone erstmalig wissenschaftlich beschrieben.<\/p>\n<p><!-- \/wp:paragraph --><\/p>\n<p><!-- wp:paragraph --><\/p>\n<p>Die Erstellung von Stereobildern erfolgte bislang meist photographisch (Aufnahme von 2 Teilbildern im Augenabstand mit einer geeigneten Kamera in analoger oder digitaler Technik) oder auch zeichnerisch. Neuerdings ist es aber auch m\u00f6glich Stereobilder mittels KI-Software aus normalen 2D-Bildern (Aufsichtsbilder) oder sogar nur durch Texteingabe zu erstellen. F\u00fcr diese Art der 3D-Bildgenerierung trifft nach Meinung des Autors dieser Zeilen am besten der Paragraph 6 des K\u00f6lner Grundgesetzes zu: \u201eKenne mer nit, bruche mer nit, fott domet\u201c.<\/p>\n<p><!-- \/wp:paragraph --><\/p>\n<p><!-- wp:paragraph --><\/p>\n<p>Stereobilder (auch Raumbilder, 3D-Photos oder kurz Stereos genannt) wurden \u00fcblicherweise immer nur in speziellen Stereoskopen (vor allem Linsenstereoskope, aber auch Spiegelstereoskope) betrachtet.<\/p>\n<p><!-- \/wp:paragraph --><\/p>\n<p><!-- wp:image {\"align\":\"wide\",\"id\":4223,\"sizeSlug\":\"full\",\"linkDestination\":\"none\",\"className\":\"is-style-default\"} --><\/p>\n<figure class=\"wp-block-image alignwide size-full is-style-default\"><img fetchpriority=\"high\" decoding=\"async\" class=\"aligncenter wp-image-4223 size-full\" src=\"https:\/\/docsauterphotography.de\/wp-content\/uploads\/2023\/01\/Gaumont-Stereobetrachter-6-x13-scaled.jpg\" alt=\"\" width=\"2560\" height=\"1920\" srcset=\"https:\/\/docsauterphotography.de\/wp-content\/uploads\/2023\/01\/Gaumont-Stereobetrachter-6-x13-scaled.jpg 2560w, https:\/\/docsauterphotography.de\/wp-content\/uploads\/2023\/01\/Gaumont-Stereobetrachter-6-x13-300x225.jpg 300w, https:\/\/docsauterphotography.de\/wp-content\/uploads\/2023\/01\/Gaumont-Stereobetrachter-6-x13-1024x768.jpg 1024w, https:\/\/docsauterphotography.de\/wp-content\/uploads\/2023\/01\/Gaumont-Stereobetrachter-6-x13-768x576.jpg 768w, https:\/\/docsauterphotography.de\/wp-content\/uploads\/2023\/01\/Gaumont-Stereobetrachter-6-x13-1536x1152.jpg 1536w, https:\/\/docsauterphotography.de\/wp-content\/uploads\/2023\/01\/Gaumont-Stereobetrachter-6-x13-2048x1536.jpg 2048w, https:\/\/docsauterphotography.de\/wp-content\/uploads\/2023\/01\/Gaumont-Stereobetrachter-6-x13-1200x900.jpg 1200w, https:\/\/docsauterphotography.de\/wp-content\/uploads\/2023\/01\/Gaumont-Stereobetrachter-6-x13-1980x1485.jpg 1980w\" sizes=\"(max-width: 2560px) 100vw, 2560px\" \/>\n<p>\u00a0<\/p>\n<figcaption class=\"wp-element-caption\">Stereohandbetrachter im Format 6&#215;13, hergestellt 1929 von der Firma Gaumont in Paris, verstellbarer Augenabstand mittels Drehrad (oben rechts), Sch\u00e4rfeeinstellung ebenfalls mittels Drehrad (rechts unten)<\/figcaption>\n<\/figure>\n<p><!-- \/wp:image --><\/p>\n<p><!-- wp:paragraph --><\/p>\n<p>Diese Betrachtungsweise ist auch weiterhin als Referenzmethode zu bezeichnen wenngleich neuere Methoden (gro\u00dffl\u00e4chige Projektion auf eine Leinwand und Betrachtung mittels spezieller Brillen) in der Allgemeinheit zuletzt breitere Anwendung fanden.<\/p>\n<p><!-- \/wp:paragraph --><\/p>\n<p><!-- wp:image {\"align\":\"wide\",\"id\":4356,\"sizeSlug\":\"full\",\"linkDestination\":\"none\"} --><\/p>\n<figure class=\"wp-block-image alignwide size-full\"><img decoding=\"async\" class=\"aligncenter wp-image-4356 size-full\" src=\"https:\/\/docsauterphotography.de\/wp-content\/uploads\/2023\/10\/Gelaender-Nordsternpark-Gelsenkirchen-Juli-2023-scaled.jpg\" alt=\"\" width=\"2560\" height=\"1299\" srcset=\"https:\/\/docsauterphotography.de\/wp-content\/uploads\/2023\/10\/Gelaender-Nordsternpark-Gelsenkirchen-Juli-2023-scaled.jpg 2560w, https:\/\/docsauterphotography.de\/wp-content\/uploads\/2023\/10\/Gelaender-Nordsternpark-Gelsenkirchen-Juli-2023-300x152.jpg 300w, https:\/\/docsauterphotography.de\/wp-content\/uploads\/2023\/10\/Gelaender-Nordsternpark-Gelsenkirchen-Juli-2023-1024x520.jpg 1024w, https:\/\/docsauterphotography.de\/wp-content\/uploads\/2023\/10\/Gelaender-Nordsternpark-Gelsenkirchen-Juli-2023-768x390.jpg 768w, https:\/\/docsauterphotography.de\/wp-content\/uploads\/2023\/10\/Gelaender-Nordsternpark-Gelsenkirchen-Juli-2023-1536x779.jpg 1536w, https:\/\/docsauterphotography.de\/wp-content\/uploads\/2023\/10\/Gelaender-Nordsternpark-Gelsenkirchen-Juli-2023-2048x1039.jpg 2048w, https:\/\/docsauterphotography.de\/wp-content\/uploads\/2023\/10\/Gelaender-Nordsternpark-Gelsenkirchen-Juli-2023-1200x609.jpg 1200w, https:\/\/docsauterphotography.de\/wp-content\/uploads\/2023\/10\/Gelaender-Nordsternpark-Gelsenkirchen-Juli-2023-1980x1005.jpg 1980w\" sizes=\"(max-width: 2560px) 100vw, 2560px\" \/>\n<p>\u00a0<\/p>\n<figcaption class=\"wp-element-caption\">Gel\u00e4nder Nordsternpark Gelsenkirchen Juli 2023 (Aufnahme mit Rolleidoscop 6&#215;13 auf 120er Rollfilm Ilford FP4plus, Selbstentwicklung zum Schwarz-Wei\u00df-Dia im modifizierten Umkehrprozess nach Klaus Wehner), Stereogramm in Side-by-Side Technik erstellt mit dem Programm StereoPhoto Maker Pro<\/figcaption>\n<\/figure>\n<p><!-- \/wp:image --><\/p>\n<p><!-- wp:paragraph --><\/p>\n<p>Leider ist es bislang nur mittels hochkomplexer Techniken (Lenticular Display, spezielle Software und Erfassung des individuellen Augenabstands durch 2 Kameras oberhalb des Monitors) m\u00f6glich dem Betrachter durch die Pr\u00e4sentation der jeweiligen Teilbilder auf einem Monitor den gew\u00fcnschten Raumeindruck ohne zus\u00e4tzliche Sehhilfen (sogenanntes autostereoskopisches Sehen) zu vermitteln. Da diese Techniken nur ganz Wenigen zur Verf\u00fcgung stehen, muss hier auf leichter zug\u00e4ngliche \u2013 aber qualitativ deutlich schlechtere &#8211; Alternativen zur\u00fcckgegriffen werden. Dies ist auch der Grund warum ich bislang keinerlei Stereobilder auf meiner Website pr\u00e4sentiert habe obwohl ich mich seit Jahrzehnten damit befasse.<\/p>\n<p><!-- \/wp:paragraph --><\/p>\n<p><!-- wp:paragraph --><\/p>\n<p>Durch die Betrachtung und Einf\u00e4rbung der Teilbilder durch Filter (hier: Rot und Cyan) gelingt es aber zumindest einen Raumeindruck zu vermitteln. Dies wird als <strong>Anaglyphentechnik <\/strong>bezeichnet. Voraussetzung f\u00fcr die Betrachtung eines Anaglyphenstereogrammes auf dieser Website ist daher lediglich der Besitz einer sehr preiswerten Pappbrille mit rot bzw. cyan eingef\u00e4rbten Folien. Diese kann z.B. online erworben werden (Bezugsquellen finden Sie durch Eingabe des Begriffes \u201erot cyan brille\u201c in einer Suchmaschine). Ein Vorteil dieser Technik &#8211; im Vergleich zur der im Folgenden beschriebenen &#8211; ist, dass die m\u00f6gliche Gr\u00f6\u00dfe des Stereobildes nur durch die Monitorabmessungen begrenzt ist.<\/p>\n<p><!-- \/wp:paragraph --><\/p>\n<p><!-- wp:image {\"align\":\"wide\",\"id\":4380,\"sizeSlug\":\"full\",\"linkDestination\":\"none\"} --><\/p>\n<figure class=\"wp-block-image alignwide size-full\"><img decoding=\"async\" width=\"2000\" height=\"2019\" class=\"wp-image-4380\" src=\"https:\/\/docsauterphotography.de\/wp-content\/uploads\/2023\/10\/Sossuvlei-Namibia.jpg\" alt=\"Sossuvlei Namibia\" srcset=\"https:\/\/docsauterphotography.de\/wp-content\/uploads\/2023\/10\/Sossuvlei-Namibia.jpg 2000w, https:\/\/docsauterphotography.de\/wp-content\/uploads\/2023\/10\/Sossuvlei-Namibia-297x300.jpg 297w, https:\/\/docsauterphotography.de\/wp-content\/uploads\/2023\/10\/Sossuvlei-Namibia-1014x1024.jpg 1014w, https:\/\/docsauterphotography.de\/wp-content\/uploads\/2023\/10\/Sossuvlei-Namibia-150x150.jpg 150w, https:\/\/docsauterphotography.de\/wp-content\/uploads\/2023\/10\/Sossuvlei-Namibia-768x775.jpg 768w, https:\/\/docsauterphotography.de\/wp-content\/uploads\/2023\/10\/Sossuvlei-Namibia-1522x1536.jpg 1522w, https:\/\/docsauterphotography.de\/wp-content\/uploads\/2023\/10\/Sossuvlei-Namibia-1200x1211.jpg 1200w, https:\/\/docsauterphotography.de\/wp-content\/uploads\/2023\/10\/Sossuvlei-Namibia-1980x1999.jpg 1980w\" sizes=\"(max-width: 2000px) 100vw, 2000px\" \/>\n<p>\u00a0<\/p>\n<figcaption class=\"wp-element-caption\">Sossuvlei Namibia (Stereogramm in Anaglyphentechnik rot-cyan)<\/figcaption>\n<\/figure>\n<p><!-- \/wp:image --><\/p>\n<p><!-- wp:paragraph --><\/p>\n<p>Eine weitere M\u00f6glichkeit die Teilbilder dem linken bzw. rechten Auge zuzuf\u00fchren besteht darin die Teilbilder Seite an Seite zu einem <strong>Parallelstereogramm (<\/strong>auch <strong>side-by-side Stereo <\/strong>genannt) zu montieren und dann durch ein\u00a0 preiswertes Linsenstereoskop aus Kunststoff (z.B. der \u201eLITE OWL 3D Viewer&#8220; oder der &#8222;HOMIDO mini&#8220;) auf einem konventionellen Smartphone zu betrachten. Durch die neuerdings sehr hohe Aufl\u00f6sung der Smartphone-Displays ist der Raumeindruck \u00fcberraschend gut. Entscheidend ist hierbei allerdings, dass der Abstand und auch die Gr\u00f6\u00dfe der Teilbilder m\u00f6glichst nicht \u00fcber dem Abstand unserer Augen (ca. 65 mm) liegen. Folglich ist es auch nicht m\u00f6glich gr\u00f6\u00dfere Teilbilder ohne spezielle Sehhilfen (Prismen) auf Monitoren bzw. Tablets zu einem Raumeindruck zu verschmelzen.<\/p>\n<p>Eine solche \u201eStereobrille\u201c (<a href=\"https:\/\/docsauterphotography.de\/wp-content\/uploads\/2024\/07\/IMG_9638-scaled.jpeg\">Berezin ScreenVU mini<\/a>), die im Prinzip wie ein kleines Spiegelstereoskop arbeitet und sogar die M\u00f6glichkeit unterschiedlicher Betrachtungsabst\u00e4nde beinhaltet, ist seit kurzem bei dem amerikanischen Anbieter <a href=\"https:\/\/www.berezin.com\/3d\/pocket_3dvu.htm\" target=\"_blank\" rel=\"noopener\">Berezin<\/a>\u00a0erh\u00e4ltlich. Hiermit k\u00f6nnen Sie auch Stereobilder deren Einzelbildabstand deutlich \u00fcber 65 mm liegt auf dem PC Monitor oder einem Tablett betrachten.<\/p>\n<p><!-- \/wp:paragraph --><\/p>\n<p><!-- wp:paragraph --><\/p>\n<p>Kleinformatige Stereobilder k\u00f6nnen von zahlreichen Personen (mit etwas \u00dcbung schafft es fast jeder) auch mittels <strong>Kreuzblick<\/strong> (englisch: cross eye view) angesehen werden. Hierf\u00fcr muss bei der Erstellung des Stereobildes das linke Teilbild rechts und das rechte Teilbild links montiert werden. Der Betrachter zwingt seine Augen dabei in eine stark konvergierende Schielstellung, so dass das rechte Auge links wieder das rechte Bild und das linke Auge rechts das linke Bild wahrnimmt. Diese Methode ist die am meisten genutzte M\u00f6glichkeit Stereobilder ohne jede technische Hilfe anzusehen. Nur sehr wenige Betrachter sind in der Lage seitenrichtig montierte Stereobilder mittels Parallelblick ohne technische Hilfsmittel (wie z.B. Lupenbrille, Spiegelstereoskop) dreidimensional wahrzunehmen, da die Akkommodation auf den Nahbereich physiologischerweise immer mit einer Konvergenz der Sehachsen einhergeht. N\u00e4here Informationen zur Sehtechnik des Kreuzblicks finden Sie auf der Website: <a title=\"\" href=\"http:\/\/stereoauge.de\/kreuzblick-methode\/\">http:\/\/stereoauge.de\/kreuzblick-methode<\/a><\/p>\n<p><!-- \/wp:paragraph --><\/p>\n<p><!-- wp:paragraph --><\/p>\n<p>Falls Sie mit dieser Methode des Stereosehens zurechtkommen, schauen Sie doch mal auf meine Seite <a title=\"Stereobilder Antarktis\" href=\"https:\/\/docsauterphotography.de\/?page_id=4446\">Stereobilder Antarktis<\/a>.<\/p>\n<p><!-- \/wp:paragraph --><\/p>\n<p><!-- wp:paragraph --><\/p>\n<p>Die letzte hier vorgestellte M\u00f6glichkeit besteht darin, die Teilbilder mit einem speziellen Beamer zu projizieren, wobei die Trennung der Bilder durch die Verwendung von Polfiltern oder sogenannter Shutter-Brillen in Verbindung mit einer speziellen Softwarel\u00f6sung erzielt wird.<\/p>\n<p><!-- \/wp:paragraph --><\/p>\n<p><!-- wp:paragraph --><\/p>\n<p>Im Folgenden sind Beispiele f\u00fcr die verschiedenen Sehtechniken anhand von 2 verschiedenen Stereobildern aufgef\u00fchrt:<\/p>\n<p><!-- \/wp:paragraph --><\/p>\n<p><!-- wp:paragraph --><\/p>\n<p><a title=\"Autowrack Morris Eight Namibia (Side-by-Side f\u00fcr Mobiltelefon und Kunststoffbetrachter)\" href=\"https:\/\/docsauterphotography.de\/wp-content\/uploads\/2023\/10\/2023-09-25-19.43.13-scaled.jpg\">Autowrack Morris Eight &#8211; Namibia (Side-by-Side f\u00fcr Mobiltelefon und Kunststoffbetrachter)<\/a><\/p>\n<p><!-- \/wp:paragraph --><\/p>\n<p><!-- wp:paragraph --><\/p>\n<p><a title=\"Autowrack Morris Eight Namibia (Anaglyphe zur Betrachtung mit Rot-Cyan-Brille)\" href=\"https:\/\/docsauterphotography.de\/wp-content\/uploads\/2023\/10\/Autowrack-Morris-Eight-Namibia.jpg\">Autowrack Morris Eight &#8211; Namibia (Anaglyphe zur Betrachtung mit Rot-Cyan-Brille)<\/a><\/p>\n<p><!-- \/wp:paragraph --><\/p>\n<p><!-- wp:paragraph --><\/p>\n<p><a title=\"Autowrack Morris Eight - Namibia (Side-by-Side f\u00fcr Projektion)\" href=\"https:\/\/docsauterphotography.de\/wp-content\/uploads\/2023\/10\/Autowrack-Morris-Eight-SBS-fuer-Projektion-1-scaled.jpg\">Autowrack Morris Eight &#8211; Namibia (Side-by-Side f\u00fcr Projektion)<\/a><\/p>\n<p><!-- \/wp:paragraph --><\/p>\n<p><!-- wp:paragraph --><\/p>\n<p><a title=\"\" href=\"https:\/\/docsauterphotography.de\/wp-content\/uploads\/2023\/11\/Morris-Eight-Namibia-Kreuzblick-scaled.jpg\">Autowrack Morris Eight &#8211; Namibia (Kreuzblick)<\/a><\/p>\n<p><!-- \/wp:paragraph --><\/p>\n<p><!-- wp:paragraph --><\/p>\n<p><!-- \/wp:paragraph --><\/p>\n<p><!-- wp:paragraph --><\/p>\n<p><a title=\"K\u00f6nigspinguine Saint Andrews Bay S\u00fcdgeorgien (Side-by-Side f\u00fcr Mobiltelefon und Kunststoffbetrachter)\" href=\"https:\/\/docsauterphotography.de\/wp-content\/uploads\/2023\/10\/Koenigspinguine-Saint-Andrews-Bay-Suedgeorgien-2009-1-scaled.jpg\">K\u00f6nigspinguine Saint Andrews Bay S\u00fcdgeorgien (Side-by-Side f\u00fcr Mobiltelefon und Kunststoffbetrachter)<\/a><\/p>\n<p><!-- \/wp:paragraph --><\/p>\n<p><!-- wp:paragraph --><\/p>\n<p><a title=\"K\u00f6nigspinguine Saint Andrews Bay S\u00fcdgeorgien (Anaglyphe zur Betrachtung mit Rot-Cyan-Brille)\" href=\"https:\/\/docsauterphotography.de\/wp-content\/uploads\/2023\/10\/Koenigspinguine-Saint-Andrews-Bay-Suedgeorgien-2009-2.jpg\">K\u00f6nigspinguine Saint Andrews Bay S\u00fcdgeorgien (Anaglyphe zur Betrachtung mit Rot-Cyan-Brille)<\/a><\/p>\n<p><!-- \/wp:paragraph --><\/p>\n<p><!-- wp:paragraph --><\/p>\n<p><a title=\"K\u00f6nigspinguine Saint Andrews Bay S\u00fcdgeorgien (Side-by-Side f\u00fcr Projektion)\" href=\"https:\/\/docsauterphotography.de\/wp-content\/uploads\/2023\/10\/Koenigspinguine-Saint-Andrews-Bay-Suedgeorgien-2009-scaled.jpg\">K\u00f6nigspinguine Saint Andrews Bay S\u00fcdgeorgien (Side-by-Side f\u00fcr Projektion)<\/a><\/p>\n<p><!-- \/wp:paragraph --><\/p>\n<p><!-- wp:paragraph --><\/p>\n<p><a title=\"\" href=\"https:\/\/docsauterphotography.de\/wp-content\/uploads\/2023\/11\/Koenigspinguine-Saint-Andrews-Bay-Suedgeorgien-2009-Kreuzblick-scaled.jpg\">K\u00f6nigspinguine Saint Andrews Bay S\u00fcdgeorgien (Kreuzblick)<\/a><\/p>\n<p><!-- \/wp:paragraph --><\/p>\n<p><!-- wp:paragraph --><\/p>\n<p><!-- \/wp:paragraph --><\/p>\n<p><!-- wp:paragraph --><\/p>\n<p><!-- \/wp:paragraph --><\/p>\n<p><!-- wp:paragraph --><\/p>\n<p><strong>Anmerkungen:<\/strong> Um die Ladezeiten in Grenzen zu halten wurden die Bilder auf eine Gr\u00f6\u00dfe von unter 2 MB reduziert. Die side-by-side Stereos wurden entsprechend der internationalen Gepflogenheit auf \u201eScheinfenster\u201c montiert. Bei der Erstellung der Anaglyphenstereos wurde dagegen zugunsten einer besseren Erkennbarkeit bewusst darauf verzichtet.<\/p>\n<p><!-- \/wp:paragraph --><\/p>\n<p><!-- wp:paragraph --><\/p>\n<p>Die hier gezeigten Stereobilder wurden analog mit einer Stereokamera der Firma Franke &amp; Heidecke (<a title=\"Rolleidoscop 6x13\" href=\"https:\/\/docsauterphotography.de\/wp-content\/uploads\/2022\/12\/2007-06-10-11.16.32-scaled.jpg\">Rolleidoscop 6&#215;13<\/a>, Baujahr 1933) auf Rollfilm 120 aufgenommen. Die Digitalisierung erfolgte mittels einer Nikon D850 DLSR mit einem Makroobjektiv (Micro-Nikkor 55\/2.8 AiS). Die RAW-Aufnahmen wurden dann mit den Programmen Capture One Pro sowie StereoPhoto Maker Pro (64bit) bearbeitet.<\/p>\n<p><!-- \/wp:paragraph --><\/p>\n<p><!-- wp:paragraph --><\/p>\n<p>Weitere Informationen zur Stereoskopie finden Sie auf der <a title=\"Website der Deutschen Gesellschaft f\u00fcr Stereoskopie\" href=\"https:\/\/www.stereoskopie.org\/de\/\">Website der Deutschen Gesellschaft f\u00fcr Stereoskopie<\/a><\/p>\n<p><!-- \/wp:paragraph --><\/p>\n<p><!-- wp:paragraph --><\/p>\n<p><!-- \/wp:paragraph --><\/p>\n<p><!-- wp:paragraph --><\/p>\n<p><!-- \/wp:paragraph --><\/p>\t\t\t\t\t\t\t\t<\/div>\n\t\t\t\t<\/div>\n\t\t\t\t\t<\/div>\n\t\t<\/div>\n\t\t\t\t\t<\/div>\n\t\t<\/section>\n\t\t\t\t<\/div>\n\t\t","protected":false},"excerpt":{"rendered":"<p>Unter Stereoskopie (3D) versteht man zun\u00e4chst einmal die den meisten Menschen und vielen Tieren angeborene F\u00e4higkeit, dreidimensional zu sehen. Hier geht es jedoch um die Wiedergabe von Bildern mit einem r\u00e4umlichen Eindruck von Tiefe, der physikalisch in einer zweidimensionalen Abbildung eigentlich gar nicht vorhanden ist. Der Eindruck eines r\u00e4umlich wahrnehmbaren Bildes beruht darauf, dass die [&hellip;]<\/p>\n","protected":false},"author":1,"featured_media":0,"parent":0,"menu_order":0,"comment_status":"closed","ping_status":"closed","template":"templates\/template-full-width.php","meta":{"_monsterinsights_skip_tracking":false,"_monsterinsights_sitenote_active":false,"_monsterinsights_sitenote_note":"","_monsterinsights_sitenote_category":0,"footnotes":""},"class_list":["post-4314","page","type-page","status-publish","hentry"],"aioseo_notices":[],"_links":{"self":[{"href":"https:\/\/docsauterphotography.de\/index.php?rest_route=\/wp\/v2\/pages\/4314","targetHints":{"allow":["GET"]}}],"collection":[{"href":"https:\/\/docsauterphotography.de\/index.php?rest_route=\/wp\/v2\/pages"}],"about":[{"href":"https:\/\/docsauterphotography.de\/index.php?rest_route=\/wp\/v2\/types\/page"}],"author":[{"embeddable":true,"href":"https:\/\/docsauterphotography.de\/index.php?rest_route=\/wp\/v2\/users\/1"}],"replies":[{"embeddable":true,"href":"https:\/\/docsauterphotography.de\/index.php?rest_route=%2Fwp%2Fv2%2Fcomments&post=4314"}],"version-history":[{"count":165,"href":"https:\/\/docsauterphotography.de\/index.php?rest_route=\/wp\/v2\/pages\/4314\/revisions"}],"predecessor-version":[{"id":6846,"href":"https:\/\/docsauterphotography.de\/index.php?rest_route=\/wp\/v2\/pages\/4314\/revisions\/6846"}],"wp:attachment":[{"href":"https:\/\/docsauterphotography.de\/index.php?rest_route=%2Fwp%2Fv2%2Fmedia&parent=4314"}],"curies":[{"name":"wp","href":"https:\/\/api.w.org\/{rel}","templated":true}]}}