{"id":311,"date":"2021-10-22T19:03:15","date_gmt":"2021-10-22T19:03:15","guid":{"rendered":"http:\/\/docsauterphotography.de\/?page_id=311"},"modified":"2025-04-24T17:37:28","modified_gmt":"2025-04-24T17:37:28","slug":"copyright","status":"publish","type":"page","link":"https:\/\/docsauterphotography.de\/?page_id=311","title":{"rendered":"\u00dcber mich"},"content":{"rendered":"\t\t<div data-elementor-type=\"wp-page\" data-elementor-id=\"311\" class=\"elementor elementor-311\">\n\t\t\t\t\t\t<section class=\"elementor-section elementor-top-section elementor-element elementor-element-18e04270 elementor-section-boxed elementor-section-height-default elementor-section-height-default\" data-id=\"18e04270\" data-element_type=\"section\" data-e-type=\"section\">\n\t\t\t\t\t\t<div class=\"elementor-container elementor-column-gap-default\">\n\t\t\t\t\t<div class=\"elementor-column elementor-col-100 elementor-top-column elementor-element elementor-element-4e8f13c6\" data-id=\"4e8f13c6\" data-element_type=\"column\" data-e-type=\"column\">\n\t\t\t<div class=\"elementor-widget-wrap elementor-element-populated\">\n\t\t\t\t\t\t<div class=\"elementor-element elementor-element-a495c67 elementor-widget elementor-widget-text-editor\" data-id=\"a495c67\" data-element_type=\"widget\" data-e-type=\"widget\" data-widget_type=\"text-editor.default\">\n\t\t\t\t<div class=\"elementor-widget-container\">\n\t\t\t\t\t\t\t\t\t<p><strong>\u00dcber mich (spontane Gedanken beim Erstellen der Website):<\/strong><\/p>\n<p><!-- \/wp:paragraph --><\/p>\n<p><!-- wp:paragraph --><\/p>\n<p>Warum ist diese Website \u00fcberhaupt entstanden?<\/p>\n<p><!-- \/wp:paragraph --><\/p>\n<p><!-- wp:paragraph --><\/p>\n<p>Ich fotografiere seit fr\u00fcher Jugend und habe nicht nur den Wechsel der photographischen Techniken, sondern auch der pr\u00e4ferierten Sehgewohnheiten aufmerksam verfolgt. Gro\u00dfformatige Vergr\u00f6\u00dferungen meiner nicht unbedingt nachahmenswerten Fr\u00fchwerke habe ich im h\u00e4uslichen Milieu stolz den Besuchern pr\u00e4sentiert, die H\u00f6flichen haben sich zumindest nicht &#8211; f\u00fcr mich sichtbar &#8211; abgewandt.<\/p>\n<p><!-- \/wp:paragraph --><\/p>\n<p><!-- wp:paragraph --><\/p>\n<p>Nach Gr\u00fcndung der eigenen Praxis als niedergelassener Facharzt f\u00fcr Innere Medizin in Gelsenkirchen-Buer im Jahr 1989 konnten sich die Betrachter zumindest im Warte- und Sprechzimmerbereich des Anblicks meiner Werke nicht mehr entziehen, da sie ja oft Hilfe bei der Linderung ihrer Beschwerden erwarteten. Waren es anf\u00e4nglich noch selbst vergr\u00f6\u00dferte Schwarz-Wei\u00df-Aufnahmen (bis zum Format 50 x 60, gr\u00f6\u00dfere Schalen hatten ich in meinem Fotolabor nicht zur Verf\u00fcgung), kamen sp\u00e4ter kleinformatige Farbbilder mit mehr oder weniger interessanten Reiseaufnahmen dazu. Der Prozess der Auswahl der Bilder war langwierig, die vom \u00f6rtlichen Fotoh\u00e4ndler zur\u00fcckerhaltenen Ergebnisse entsprachen selten meinen Erwartungen.<\/p>\n<p><!-- \/wp:paragraph --><\/p>\n<p><!-- wp:paragraph --><\/p>\n<p>Mit dem Siegeszug der Digitalphotographie \u00e4nderten sich die Bedingungen f\u00fcr mich zum eindeutigen Positiven: Sofern die Bilder am kalibrierten Monitor bearbeitet und dann bei einem Fachlabor zur Vergr\u00f6\u00dferung in Auftrag gegen wurden, erhielt man jetzt erstmalig reproduzierbare Ergebnisse. Mit der Zeit wurden die R\u00e4ume der Praxis mit immer weiteren gro\u00dfformatigen Aufnahmen &#8211; vorwiegend der Tierwelt &#8211; ausgestattet.<\/p>\n<p><!-- \/wp:paragraph --><\/p>\n<p><!-- wp:paragraph --><\/p>\n<p>Nach gut 40-j\u00e4hriger T\u00e4tigkeit als Arzt habe ich mich Ende 2021 in den Ruhestand verabschiedet. Viele meiner Patienten und Freunde (verwendet wird von mir der Einfachheit und besseren Lesbarkeit halber weiterhin immer nur das generische Maskulinum) haben mich gebeten einige der in der Praxis ausgestellten Bilder auch zur allgemeinen Ansicht ins Netz zu stellen. Ich habe mich lange dagegen gestr\u00e4ubt, da dies ja mit viel Arbeit verbunden ist und somit auch Zeit kostet. Schlie\u00dflich habe ich nachgegeben und innerhalb von zwei Wochen zusammen mit meinem Sohn Henri eine Website \u201ezusammengezimmert\u201c. Diese wurde dann im weiteren Verlauf langsam erweitert. Ich hoffe das Betrachten der Bilder macht Ihnen Freude!<\/p>\n<p><!-- \/wp:paragraph --><\/p>\n<p><!-- wp:paragraph --><\/p>\n<p><!-- \/wp:paragraph --><\/p>\n<p><!-- wp:paragraph --><\/p>\n<p><!-- \/wp:paragraph --><\/p>\n<p><!-- wp:paragraph --><\/p>\n<p><!-- \/wp:paragraph --><\/p>\n<p><!-- wp:paragraph --><\/p>\n<p><!-- \/wp:paragraph --><\/p>\n<p><!-- wp:paragraph --><\/p>\n<p><!-- \/wp:paragraph --><\/p>\n<p><!-- wp:paragraph --><\/p>\n<p><!-- \/wp:paragraph --><\/p>\n<p><!-- wp:paragraph --><\/p>\n<p><!-- \/wp:paragraph --><\/p>\n<p><!-- wp:paragraph --><\/p>\n<p><!-- \/wp:paragraph --><\/p>\n<p><!-- wp:paragraph --><\/p>\n<p><!-- \/wp:paragraph --><\/p>\n<p><!-- wp:paragraph --><\/p>\n<p><!-- \/wp:paragraph --><\/p>\n<p><!-- wp:paragraph --><\/p>\n<p><!-- \/wp:paragraph --><\/p>\n<p><!-- wp:paragraph --><\/p>\n<p><!-- \/wp:paragraph --><\/p>\n<p><!-- wp:paragraph --><\/p>\n<p><!-- \/wp:paragraph --><\/p>\n<p><!-- wp:paragraph --><\/p>\n<p><!-- \/wp:paragraph --><\/p>\n<p><!-- wp:paragraph --><\/p>\n<p><!-- \/wp:paragraph --><\/p>\n<p><!-- wp:paragraph --><\/p>\n<p><!-- \/wp:paragraph --><\/p>\n<p><!-- wp:paragraph --><\/p>\n<p><!-- \/wp:paragraph --><\/p>\n<p><!-- wp:paragraph --><\/p>\n<p><!-- \/wp:paragraph --><\/p>\n<p><!-- wp:paragraph --><\/p>\n<p><!-- \/wp:paragraph --><\/p>\n<p><!-- wp:paragraph --><\/p>\n<p><!-- \/wp:paragraph --><\/p>\n<p><!-- wp:paragraph --><\/p>\n<p><!-- \/wp:paragraph --><\/p>\n<p><!-- wp:paragraph --><\/p>\n<p><!-- \/wp:paragraph --><\/p>\t\t\t\t\t\t\t\t<\/div>\n\t\t\t\t<\/div>\n\t\t\t\t\t<\/div>\n\t\t<\/div>\n\t\t\t\t\t<\/div>\n\t\t<\/section>\n\t\t\t\t<\/div>\n\t\t","protected":false},"excerpt":{"rendered":"<p>\u00dcber mich (spontane Gedanken beim Erstellen der Website): Warum ist diese Website \u00fcberhaupt entstanden? Ich fotografiere seit fr\u00fcher Jugend und habe nicht nur den Wechsel der photographischen Techniken, sondern auch der pr\u00e4ferierten Sehgewohnheiten aufmerksam verfolgt. Gro\u00dfformatige Vergr\u00f6\u00dferungen meiner nicht unbedingt nachahmenswerten Fr\u00fchwerke habe ich im h\u00e4uslichen Milieu stolz den Besuchern pr\u00e4sentiert, die H\u00f6flichen haben sich [&hellip;]<\/p>\n","protected":false},"author":1,"featured_media":0,"parent":0,"menu_order":0,"comment_status":"closed","ping_status":"closed","template":"templates\/template-full-width.php","meta":{"_monsterinsights_skip_tracking":false,"_monsterinsights_sitenote_active":false,"_monsterinsights_sitenote_note":"","_monsterinsights_sitenote_category":0,"footnotes":""},"class_list":["post-311","page","type-page","status-publish","hentry"],"aioseo_notices":[],"_links":{"self":[{"href":"https:\/\/docsauterphotography.de\/index.php?rest_route=\/wp\/v2\/pages\/311","targetHints":{"allow":["GET"]}}],"collection":[{"href":"https:\/\/docsauterphotography.de\/index.php?rest_route=\/wp\/v2\/pages"}],"about":[{"href":"https:\/\/docsauterphotography.de\/index.php?rest_route=\/wp\/v2\/types\/page"}],"author":[{"embeddable":true,"href":"https:\/\/docsauterphotography.de\/index.php?rest_route=\/wp\/v2\/users\/1"}],"replies":[{"embeddable":true,"href":"https:\/\/docsauterphotography.de\/index.php?rest_route=%2Fwp%2Fv2%2Fcomments&post=311"}],"version-history":[{"count":34,"href":"https:\/\/docsauterphotography.de\/index.php?rest_route=\/wp\/v2\/pages\/311\/revisions"}],"predecessor-version":[{"id":6679,"href":"https:\/\/docsauterphotography.de\/index.php?rest_route=\/wp\/v2\/pages\/311\/revisions\/6679"}],"wp:attachment":[{"href":"https:\/\/docsauterphotography.de\/index.php?rest_route=%2Fwp%2Fv2%2Fmedia&parent=311"}],"curies":[{"name":"wp","href":"https:\/\/api.w.org\/{rel}","templated":true}]}}